{"id":173,"date":"2024-10-19T09:24:22","date_gmt":"2024-10-19T07:24:22","guid":{"rendered":"https:\/\/frenchurduonline.com\/?page_id=173"},"modified":"2026-02-23T15:30:29","modified_gmt":"2026-02-23T14:30:29","slug":"contact","status":"publish","type":"page","link":"https:\/\/frenchurduonline.com\/index.php\/contact\/","title":{"rendered":"Contact"},"content":{"rendered":"<p>[et_pb_section fb_built=\u00a0\u00bb1&Prime; admin_label=\u00a0\u00bbHeader &#038; Contact Form\u00a0\u00bb _builder_version=\u00a0\u00bb4.27.5&Prime; _module_preset=\u00a0\u00bbdefault\u00a0\u00bb background_color=\u00a0\u00bb#D6D6D6&Prime; background_enable_image=\u00a0\u00bboff\u00a0\u00bb custom_padding=\u00a0\u00bb50px|||||\u00a0\u00bb collapsed=\u00a0\u00bbon\u00a0\u00bb global_colors_info=\u00a0\u00bb{}\u00a0\u00bb][et_pb_row column_structure=\u00a0\u00bb1_2,1_2&Prime; _builder_version=\u00a0\u00bb4.27.5&Prime; _module_preset=\u00a0\u00bbdefault\u00a0\u00bb background_enable_color=\u00a0\u00bboff\u00a0\u00bb background_enable_image=\u00a0\u00bboff\u00a0\u00bb max_width=\u00a0\u00bb1280px\u00a0\u00bb border_radii=\u00a0\u00bbon|30px|30px|30px|30px\u00a0\u00bb global_colors_info=\u00a0\u00bb{}\u00a0\u00bb][et_pb_column type=\u00a0\u00bb1_2&Prime; _builder_version=\u00a0\u00bb4.27.5&Prime; _module_preset=\u00a0\u00bbdefault\u00a0\u00bb z_index=\u00a0\u00bb10&Prime; custom_padding=\u00a0\u00bb||||false|false\u00a0\u00bb global_colors_info=\u00a0\u00bb{}\u00a0\u00bb][et_pb_text _builder_version=\u00a0\u00bb4.27.4&Prime; _module_preset=\u00a0\u00bbcc990fab-a612-419c-a7ee-ae6665c3b739&Prime; header_4_text_color=\u00a0\u00bbgcid-f97cece5-7be8-4f1e-9c80-b24cb8a333b3&Prime; background_enable_color=\u00a0\u00bboff\u00a0\u00bb max_width=\u00a0\u00bb100%\u00a0\u00bb module_alignment=\u00a0\u00bbleft\u00a0\u00bb min_height=\u00a0\u00bb17.9px\u00a0\u00bb inline_fonts=\u00a0\u00bbAbril Fatface,Abhaya Libre\u00a0\u00bb global_colors_info=\u00a0\u00bb{%22gcid-f97cece5-7be8-4f1e-9c80-b24cb8a333b3%22:%91%22header_4_text_color%22%93}\u00a0\u00bb]<\/p>\n<h4 style=\"text-align: center;\"><\/h4>\n<h1><span style=\"font-family: 'Abhaya Libre'; font-weight: normal; color: #000000;\"><strong>Contact us, <\/strong><\/span><\/h1>\n<h1><span style=\"font-family: 'Abhaya Libre'; font-weight: normal; color: #000000;\"><strong>Hum sey rabta karein !<\/strong><\/span><\/h1>\n<p>[\/et_pb_text][et_pb_text _builder_version=\u00a0\u00bb4.27.4&Prime; _module_preset=\u00a0\u00bb42cb2f53-b312-4da1-a1d8-427d8057b1b9&Prime; background_enable_color=\u00a0\u00bboff\u00a0\u00bb min_height=\u00a0\u00bb56.8px\u00a0\u00bb custom_margin=\u00a0\u00bb||10px||false|false\u00a0\u00bb inline_fonts=\u00a0\u00bbAbhaya Libre\u00a0\u00bb global_colors_info=\u00a0\u00bb{}\u00a0\u00bb]<\/p>\n<h2><span style=\"font-family: 'Abhaya Libre'; color: #000000; font-size: large;\">Notre \u00e9quipe se tient \u00e0 votre disposition\u00a0 pour vous r\u00e9pondre.<\/span><\/h2>\n<p>[\/et_pb_text][et_pb_text _builder_version=\u00a0\u00bb4.27.5&Prime; _module_preset=\u00a0\u00bb13255c5d-bc5e-42de-b02b-9846afd97f17&Prime; hover_enabled=\u00a0\u00bb0&Prime; global_colors_info=\u00a0\u00bb{}\u00a0\u00bb sticky_enabled=\u00a0\u00bb0&Prime;]<\/p>\n<p><span style=\"color: #000000;\"><\/span><\/p>\n<p><strong><span style=\"color: #000000;\">Koi bhi sawaal poochna chahtey hain ya hamein join kerna chahtey hain to hamein apni details aaj hi bhejein. Hamari team aap ko jald hi contact karey gi.<\/span><span style=\"color: #000000;\"><\/span><\/strong><\/p>\n<p><strong><span style=\"color: #000000;\"><span style=\"color: #ffffff;\"><span style=\"color: #000000;\">\u06a9\u0648\u0626\u06cc \u0633\u0648\u0627\u0644 \u067e\u0648\u0686\u06be\u0646\u0627 \u06c1\u06d2 \u06cc\u0627 \u0631\u0627\u0628\u0637\u06c1 \u06a9\u0631\u0646\u0627 \u06c1\u06d2 \u00a0<\/span><\/span><\/span><\/strong><\/p>\n<p><strong><span style=\"color: #000000;\"><span style=\"color: #ffffff;\"><span style=\"color: #000000;\">\u062a\u0648 \u0627\u067e\u0646\u06cc \u062a\u0641\u0635\u06cc\u0644\u0627\u062a \u0622\u062c \u06c1\u06cc \u0628\u06be\u06cc\u062c\u06cc\u06ba <\/span><\/span><\/span><\/strong><\/p>\n<p><strong><span style=\"color: #000000;\"><span style=\"color: #ffffff;\"><span style=\"color: #000000;\">\u06c1\u0645\u0627\u0631\u06cc \u0679\u06cc\u0645 \u0622\u067e \u0633\u06d2 \u062c\u0644\u062f \u06a9\u0646\u0679\u06cc\u06a9\u0679 \u06a9\u0631\u06d2 \u06af\u06cc<\/span><\/span><\/span><\/strong><\/p>\n<p>[\/et_pb_text][et_pb_contact_form email=\u00a0\u00bbfrenchurduonline@gmail.com\u00a0\u00bb custom_message=\u00a0\u00bbAslamualekum,||et_pb_line_break_holder||Mein apna A2 pass kerna chahti hon aap mijhey us ki classes ki details bheij saktey hai ? \u2026..\u00a0\u00bb success_message=\u00a0\u00bbvotre message a bien \u00e9t\u00e9 envoy\u00e9\u00a0\u00bb submit_button_text=\u00a0\u00bbENVOYER\u00a0\u00bb disabled_on=\u00a0\u00bboff|off|off\u00a0\u00bb _builder_version=\u00a0\u00bb4.27.5&Prime; _module_preset=\u00a0\u00bb5174e5e2-e64c-4d38-b318-6ceb9aba5ebd\u00a0\u00bb title_text_color=\u00a0\u00bb#FFFFFF\u00a0\u00bb captcha_font=\u00a0\u00bb&#8211;et_global_heading_font|600|||||||\u00a0\u00bb captcha_text_color=\u00a0\u00bb#000000&Prime; button_bg_color=\u00a0\u00bb#0a8bb2&Prime; width_tablet=\u00a0\u00bb100%\u00a0\u00bb width_phone=\u00a0\u00bb100%\u00a0\u00bb width_last_edited=\u00a0\u00bboff|desktop\u00a0\u00bb custom_padding_tablet=\u00a0\u00bb30px|30px|30px|30px|true|true\u00a0\u00bb custom_padding_phone=\u00a0\u00bb20px|20px|20px|20px|true|true\u00a0\u00bb custom_padding_last_edited=\u00a0\u00bbon|tablet\u00a0\u00bb hover_enabled=\u00a0\u00bb0&Prime; custom_css_captcha_field=\u00a0\u00bb||\u00a0\u00bb locked=\u00a0\u00bboff\u00a0\u00bb global_colors_info=\u00a0\u00bb{}\u00a0\u00bb sticky_enabled=\u00a0\u00bb0&Prime;][et_pb_contact_field field_id=\u00a0\u00bbName\u00a0\u00bb field_title=\u00a0\u00bbNom \/ \u0646\u0627\u0645\u00a0\u00bb fullwidth_field=\u00a0\u00bbon\u00a0\u00bb _builder_version=\u00a0\u00bb4.27.5&Prime; _module_preset=\u00a0\u00bbdefault\u00a0\u00bb global_colors_info=\u00a0\u00bb{}\u00a0\u00bb button_text_size__hover_enabled=\u00a0\u00bboff\u00a0\u00bb button_one_text_size__hover_enabled=\u00a0\u00bboff\u00a0\u00bb button_two_text_size__hover_enabled=\u00a0\u00bboff\u00a0\u00bb button_text_color__hover_enabled=\u00a0\u00bboff\u00a0\u00bb button_one_text_color__hover_enabled=\u00a0\u00bboff\u00a0\u00bb button_two_text_color__hover_enabled=\u00a0\u00bboff\u00a0\u00bb button_border_width__hover_enabled=\u00a0\u00bboff\u00a0\u00bb button_one_border_width__hover_enabled=\u00a0\u00bboff\u00a0\u00bb button_two_border_width__hover_enabled=\u00a0\u00bboff\u00a0\u00bb button_border_color__hover_enabled=\u00a0\u00bboff\u00a0\u00bb button_one_border_color__hover_enabled=\u00a0\u00bboff\u00a0\u00bb button_two_border_color__hover_enabled=\u00a0\u00bboff\u00a0\u00bb button_border_radius__hover_enabled=\u00a0\u00bboff\u00a0\u00bb button_one_border_radius__hover_enabled=\u00a0\u00bboff\u00a0\u00bb button_two_border_radius__hover_enabled=\u00a0\u00bboff\u00a0\u00bb button_letter_spacing__hover_enabled=\u00a0\u00bboff\u00a0\u00bb button_one_letter_spacing__hover_enabled=\u00a0\u00bboff\u00a0\u00bb button_two_letter_spacing__hover_enabled=\u00a0\u00bboff\u00a0\u00bb button_bg_color__hover_enabled=\u00a0\u00bboff\u00a0\u00bb button_one_bg_color__hover_enabled=\u00a0\u00bboff\u00a0\u00bb button_two_bg_color__hover_enabled=\u00a0\u00bboff\u00a0\u00bb][\/et_pb_contact_field][et_pb_contact_field field_id=\u00a0\u00bbEmail\u00a0\u00bb field_title=\u00a0\u00bbEmail\u00a0\u00bb field_type=\u00a0\u00bbemail\u00a0\u00bb fullwidth_field=\u00a0\u00bbon\u00a0\u00bb _builder_version=\u00a0\u00bb4.27.2&Prime; _module_preset=\u00a0\u00bbdefault\u00a0\u00bb global_colors_info=\u00a0\u00bb{}\u00a0\u00bb button_text_size__hover_enabled=\u00a0\u00bboff\u00a0\u00bb button_one_text_size__hover_enabled=\u00a0\u00bboff\u00a0\u00bb button_two_text_size__hover_enabled=\u00a0\u00bboff\u00a0\u00bb button_text_color__hover_enabled=\u00a0\u00bboff\u00a0\u00bb button_one_text_color__hover_enabled=\u00a0\u00bboff\u00a0\u00bb button_two_text_color__hover_enabled=\u00a0\u00bboff\u00a0\u00bb button_border_width__hover_enabled=\u00a0\u00bboff\u00a0\u00bb button_one_border_width__hover_enabled=\u00a0\u00bboff\u00a0\u00bb button_two_border_width__hover_enabled=\u00a0\u00bboff\u00a0\u00bb button_border_color__hover_enabled=\u00a0\u00bboff\u00a0\u00bb button_one_border_color__hover_enabled=\u00a0\u00bboff\u00a0\u00bb button_two_border_color__hover_enabled=\u00a0\u00bboff\u00a0\u00bb button_border_radius__hover_enabled=\u00a0\u00bboff\u00a0\u00bb button_one_border_radius__hover_enabled=\u00a0\u00bboff\u00a0\u00bb button_two_border_radius__hover_enabled=\u00a0\u00bboff\u00a0\u00bb button_letter_spacing__hover_enabled=\u00a0\u00bboff\u00a0\u00bb button_one_letter_spacing__hover_enabled=\u00a0\u00bboff\u00a0\u00bb button_two_letter_spacing__hover_enabled=\u00a0\u00bboff\u00a0\u00bb button_bg_color__hover_enabled=\u00a0\u00bboff\u00a0\u00bb button_one_bg_color__hover_enabled=\u00a0\u00bboff\u00a0\u00bb button_two_bg_color__hover_enabled=\u00a0\u00bboff\u00a0\u00bb][\/et_pb_contact_field][et_pb_contact_field field_id=\u00a0\u00bbNIVEAU\u00a0\u00bb field_title=\u00a0\u00bbCours or Feedback \u00a0\u00bb max_length=\u00a0\u00bb20&Prime; allowed_symbols=\u00a0\u00bbalphanumeric\u00a0\u00bb fullwidth_field=\u00a0\u00bbon\u00a0\u00bb _builder_version=\u00a0\u00bb4.27.5&Prime; _module_preset=\u00a0\u00bbdefault\u00a0\u00bb hover_enabled=\u00a0\u00bb0&Prime; global_colors_info=\u00a0\u00bb{}\u00a0\u00bb sticky_enabled=\u00a0\u00bb0&Prime;][\/et_pb_contact_field][et_pb_contact_field field_id=\u00a0\u00bbMessage\u00a0\u00bb field_title=\u00a0\u00bbMessage \u00a0\u00bb field_type=\u00a0\u00bbtext\u00a0\u00bb fullwidth_field=\u00a0\u00bbon\u00a0\u00bb _builder_version=\u00a0\u00bb4.27.5&Prime; _module_preset=\u00a0\u00bbdefault\u00a0\u00bb hover_enabled=\u00a0\u00bb0&Prime; global_colors_info=\u00a0\u00bb{}\u00a0\u00bb button_text_size__hover_enabled=\u00a0\u00bboff\u00a0\u00bb button_one_text_size__hover_enabled=\u00a0\u00bboff\u00a0\u00bb button_two_text_size__hover_enabled=\u00a0\u00bboff\u00a0\u00bb button_text_color__hover_enabled=\u00a0\u00bboff\u00a0\u00bb button_one_text_color__hover_enabled=\u00a0\u00bboff\u00a0\u00bb button_two_text_color__hover_enabled=\u00a0\u00bboff\u00a0\u00bb button_border_width__hover_enabled=\u00a0\u00bboff\u00a0\u00bb button_one_border_width__hover_enabled=\u00a0\u00bboff\u00a0\u00bb button_two_border_width__hover_enabled=\u00a0\u00bboff\u00a0\u00bb button_border_color__hover_enabled=\u00a0\u00bboff\u00a0\u00bb button_one_border_color__hover_enabled=\u00a0\u00bboff\u00a0\u00bb button_two_border_color__hover_enabled=\u00a0\u00bboff\u00a0\u00bb button_border_radius__hover_enabled=\u00a0\u00bboff\u00a0\u00bb button_one_border_radius__hover_enabled=\u00a0\u00bboff\u00a0\u00bb button_two_border_radius__hover_enabled=\u00a0\u00bboff\u00a0\u00bb button_letter_spacing__hover_enabled=\u00a0\u00bboff\u00a0\u00bb button_one_letter_spacing__hover_enabled=\u00a0\u00bboff\u00a0\u00bb button_two_letter_spacing__hover_enabled=\u00a0\u00bboff\u00a0\u00bb button_bg_color__hover_enabled=\u00a0\u00bboff\u00a0\u00bb button_one_bg_color__hover_enabled=\u00a0\u00bboff\u00a0\u00bb button_two_bg_color__hover_enabled=\u00a0\u00bboff\u00a0\u00bb sticky_enabled=\u00a0\u00bb0&Prime;][\/et_pb_contact_field][et_pb_contact_field field_id=\u00a0\u00bbconsentement\u00a0\u00bb field_title=\u00a0\u00bb\u201cI consent to the data I submitted being collected and stored\u201d\u00a0\u00bb field_type=\u00a0\u00bbcheckbox\u00a0\u00bb checkbox_options=\u00a0\u00bb%91{%22value%22:%22\u00ab Je consens \u00e0 ce que les donn\u00e9es que j\u2019ai soumises soient collect\u00e9es et stock\u00e9es \u00bb  %22,%22checked%22:0,%22dragID%22:-1}%93&Prime; fullwidth_field=\u00a0\u00bbon\u00a0\u00bb conditional_logic=\u00a0\u00bbon\u00a0\u00bb conditional_logic_rules=\u00a0\u00bb%91{%22field%22:%22email%22,%22condition%22:%22contains%22,%22value%22:%22@%22},{%22field%22:%22name%22,%22condition%22:%22is not empty%22,%22value%22:%22%22},{%22field%22:%22niveau%22,%22condition%22:%22is not empty%22,%22value%22:%22%22},{%22field%22:%22message%22,%22condition%22:%22is not empty%22,%22value%22:%22%22}%93&Prime; _builder_version=\u00a0\u00bb4.27.4&Prime; _module_preset=\u00a0\u00bbdefault\u00a0\u00bb global_colors_info=\u00a0\u00bb{}\u00a0\u00bb][\/et_pb_contact_field][\/et_pb_contact_form][\/et_pb_column][et_pb_column type=\u00a0\u00bb1_2&Prime; _builder_version=\u00a0\u00bb4.27.5&Prime; _module_preset=\u00a0\u00bbdefault\u00a0\u00bb z_index=\u00a0\u00bb10&Prime; custom_padding=\u00a0\u00bb||||false|false\u00a0\u00bb global_colors_info=\u00a0\u00bb{}\u00a0\u00bb][et_pb_button button_url=\u00a0\u00bbhttps:\/\/chat.whatsapp.com\/CoA20ghZbgWIlQtMAazbgQ\u00a0\u00bb button_text=\u00a0\u00bbWHATSAPP GROUP\u00a0\u00bb button_alignment=\u00a0\u00bbcenter\u00a0\u00bb _builder_version=\u00a0\u00bb4.27.4&Prime; _module_preset=\u00a0\u00bb7a654b3c-3afd-4fc0-b603-70c9a57e644f\u00a0\u00bb button_text_size=\u00a0\u00bb11px\u00a0\u00bb button_text_color=\u00a0\u00bb#FFFFFF\u00a0\u00bb button_bg_color=\u00a0\u00bb#1eaa19&Prime; button_border_radius=\u00a0\u00bb12px\u00a0\u00bb button_icon=\u00a0\u00bb&#x76;||divi||400&Prime; custom_margin=\u00a0\u00bb30px||16px||false|false\u00a0\u00bb button_text_shadow_style=\u00a0\u00bbpreset3&Prime; box_shadow_style=\u00a0\u00bbpreset4&Prime;][\/et_pb_button][et_pb_image src=\u00a0\u00bbhttps:\/\/frenchurduonline.com\/wp-content\/uploads\/2024\/04\/online-course51.jpg\u00a0\u00bb title_text=\u00a0\u00bbonline-course51&Prime; _builder_version=\u00a0\u00bb4.27.5&Prime; _module_preset=\u00a0\u00bbdefault\u00a0\u00bb global_colors_info=\u00a0\u00bb{}\u00a0\u00bb][\/et_pb_image][\/et_pb_column][\/et_pb_row][\/et_pb_section]<\/p>\n","protected":false},"excerpt":{"rendered":"<p>Contact us, Hum sey rabta karein !Notre \u00e9quipe se tient \u00e0 votre disposition\u00a0 pour vous r\u00e9pondre. Koi bhi sawaal poochna chahtey hain ya hamein join kerna chahtey hain to hamein apni details aaj hi bhejein. Hamari team aap ko jald hi contact karey gi. \u06a9\u0648\u0626\u06cc \u0633\u0648\u0627\u0644 \u067e\u0648\u0686\u06be\u0646\u0627 \u06c1\u06d2 \u06cc\u0627 \u0631\u0627\u0628\u0637\u06c1 \u06a9\u0631\u0646\u0627 \u06c1\u06d2 \u00a0 \u062a\u0648 \u0627\u067e\u0646\u06cc [&hellip;]<\/p>\n","protected":false},"author":1,"featured_media":0,"parent":0,"menu_order":0,"comment_status":"closed","ping_status":"closed","template":"","meta":{"_et_pb_use_builder":"on","_et_pb_old_content":"","_et_gb_content_width":"","footnotes":""},"class_list":["post-173","page","type-page","status-publish","hentry"],"yoast_head":"<!-- This site is optimized with the Yoast SEO plugin v27.4 - https:\/\/yoast.com\/product\/yoast-seo-wordpress\/ -->\n<title>FrenchUrduOnline.comcours de fran\u00e7ais en ligne en urdu, A1 A2 B1 document translation<\/title>\n<meta name=\"description\" content=\"cours de fran\u00e7ais en ligne pour les pakistanais vivant en France pour passer DELF TCL niveau A1 A2 B1, traduction, coaching, aide aux devoirs\" \/>\n<meta name=\"robots\" content=\"index, follow, max-snippet:-1, max-image-preview:large, max-video-preview:-1\" \/>\n<link rel=\"canonical\" href=\"https:\/\/frenchurduonline.com\/index.php\/contact\/\" \/>\n<meta property=\"og:locale\" content=\"fr_FR\" \/>\n<meta property=\"og:type\" content=\"article\" \/>\n<meta property=\"og:title\" content=\"FrenchUrduOnline.comcours de fran\u00e7ais en ligne en urdu, A1 A2 B1 document translation\" \/>\n<meta property=\"og:description\" content=\"cours de fran\u00e7ais en ligne pour les pakistanais vivant en France pour passer DELF TCL niveau A1 A2 B1, traduction, coaching, aide aux devoirs\" \/>\n<meta property=\"og:url\" content=\"https:\/\/frenchurduonline.com\/index.php\/contact\/\" \/>\n<meta property=\"og:site_name\" content=\"FrenchUrduOnline.com\" \/>\n<meta property=\"article:publisher\" content=\"https:\/\/www.facebook.com\/frenchurduonlinecom\/\" \/>\n<meta property=\"article:modified_time\" content=\"2026-02-23T14:30:29+00:00\" \/>\n<meta name=\"twitter:card\" content=\"summary_large_image\" \/>\n<meta name=\"twitter:label1\" content=\"Dur\u00e9e de lecture estim\u00e9e\" \/>\n\t<meta name=\"twitter:data1\" content=\"1 minute\" \/>\n<script type=\"application\/ld+json\" class=\"yoast-schema-graph\">{\"@context\":\"https:\\\/\\\/schema.org\",\"@graph\":[{\"@type\":\"WebPage\",\"@id\":\"https:\\\/\\\/frenchurduonline.com\\\/index.php\\\/contact\\\/\",\"url\":\"https:\\\/\\\/frenchurduonline.com\\\/index.php\\\/contact\\\/\",\"name\":\"FrenchUrduOnline.comcours de fran\u00e7ais en ligne en urdu, A1 A2 B1 document translation\",\"isPartOf\":{\"@id\":\"https:\\\/\\\/frenchurduonline.com\\\/#website\"},\"datePublished\":\"2024-10-19T07:24:22+00:00\",\"dateModified\":\"2026-02-23T14:30:29+00:00\",\"description\":\"cours de fran\u00e7ais en ligne pour les pakistanais vivant en France pour passer DELF TCL niveau A1 A2 B1, traduction, coaching, aide aux devoirs\",\"breadcrumb\":{\"@id\":\"https:\\\/\\\/frenchurduonline.com\\\/index.php\\\/contact\\\/#breadcrumb\"},\"inLanguage\":\"fr-FR\",\"potentialAction\":[{\"@type\":\"ReadAction\",\"target\":[\"https:\\\/\\\/frenchurduonline.com\\\/index.php\\\/contact\\\/\"]}]},{\"@type\":\"BreadcrumbList\",\"@id\":\"https:\\\/\\\/frenchurduonline.com\\\/index.php\\\/contact\\\/#breadcrumb\",\"itemListElement\":[{\"@type\":\"ListItem\",\"position\":1,\"name\":\"Accueil\",\"item\":\"https:\\\/\\\/frenchurduonline.com\\\/\"},{\"@type\":\"ListItem\",\"position\":2,\"name\":\"Contact\"}]},{\"@type\":\"WebSite\",\"@id\":\"https:\\\/\\\/frenchurduonline.com\\\/#website\",\"url\":\"https:\\\/\\\/frenchurduonline.com\\\/\",\"name\":\"frenchurduonline.com\",\"description\":\"Online FRENCH cours in URDU for ladies\",\"publisher\":{\"@id\":\"https:\\\/\\\/frenchurduonline.com\\\/#organization\"},\"potentialAction\":[{\"@type\":\"SearchAction\",\"target\":{\"@type\":\"EntryPoint\",\"urlTemplate\":\"https:\\\/\\\/frenchurduonline.com\\\/?s={search_term_string}\"},\"query-input\":{\"@type\":\"PropertyValueSpecification\",\"valueRequired\":true,\"valueName\":\"search_term_string\"}}],\"inLanguage\":\"fr-FR\"},{\"@type\":\"Organization\",\"@id\":\"https:\\\/\\\/frenchurduonline.com\\\/#organization\",\"name\":\"french urdu online.com\",\"url\":\"https:\\\/\\\/frenchurduonline.com\\\/\",\"logo\":{\"@type\":\"ImageObject\",\"inLanguage\":\"fr-FR\",\"@id\":\"https:\\\/\\\/frenchurduonline.com\\\/#\\\/schema\\\/logo\\\/image\\\/\",\"url\":\"https:\\\/\\\/frenchurduonline.com\\\/wp-content\\\/uploads\\\/2024\\\/11\\\/cropped-LOGO-TOUR-EIFFEL-1-1.png\",\"contentUrl\":\"https:\\\/\\\/frenchurduonline.com\\\/wp-content\\\/uploads\\\/2024\\\/11\\\/cropped-LOGO-TOUR-EIFFEL-1-1.png\",\"width\":512,\"height\":512,\"caption\":\"french urdu online.com\"},\"image\":{\"@id\":\"https:\\\/\\\/frenchurduonline.com\\\/#\\\/schema\\\/logo\\\/image\\\/\"},\"sameAs\":[\"https:\\\/\\\/www.facebook.com\\\/frenchurduonlinecom\\\/\"]}]}<\/script>\n<!-- \/ Yoast SEO plugin. -->","yoast_head_json":{"title":"FrenchUrduOnline.comcours de fran\u00e7ais en ligne en urdu, A1 A2 B1 document translation","description":"cours de fran\u00e7ais en ligne pour les pakistanais vivant en France pour passer DELF TCL niveau A1 A2 B1, traduction, coaching, aide aux devoirs","robots":{"index":"index","follow":"follow","max-snippet":"max-snippet:-1","max-image-preview":"max-image-preview:large","max-video-preview":"max-video-preview:-1"},"canonical":"https:\/\/frenchurduonline.com\/index.php\/contact\/","og_locale":"fr_FR","og_type":"article","og_title":"FrenchUrduOnline.comcours de fran\u00e7ais en ligne en urdu, A1 A2 B1 document translation","og_description":"cours de fran\u00e7ais en ligne pour les pakistanais vivant en France pour passer DELF TCL niveau A1 A2 B1, traduction, coaching, aide aux devoirs","og_url":"https:\/\/frenchurduonline.com\/index.php\/contact\/","og_site_name":"FrenchUrduOnline.com","article_publisher":"https:\/\/www.facebook.com\/frenchurduonlinecom\/","article_modified_time":"2026-02-23T14:30:29+00:00","twitter_card":"summary_large_image","twitter_misc":{"Dur\u00e9e de lecture estim\u00e9e":"1 minute"},"schema":{"@context":"https:\/\/schema.org","@graph":[{"@type":"WebPage","@id":"https:\/\/frenchurduonline.com\/index.php\/contact\/","url":"https:\/\/frenchurduonline.com\/index.php\/contact\/","name":"FrenchUrduOnline.comcours de fran\u00e7ais en ligne en urdu, A1 A2 B1 document translation","isPartOf":{"@id":"https:\/\/frenchurduonline.com\/#website"},"datePublished":"2024-10-19T07:24:22+00:00","dateModified":"2026-02-23T14:30:29+00:00","description":"cours de fran\u00e7ais en ligne pour les pakistanais vivant en France pour passer DELF TCL niveau A1 A2 B1, traduction, coaching, aide aux devoirs","breadcrumb":{"@id":"https:\/\/frenchurduonline.com\/index.php\/contact\/#breadcrumb"},"inLanguage":"fr-FR","potentialAction":[{"@type":"ReadAction","target":["https:\/\/frenchurduonline.com\/index.php\/contact\/"]}]},{"@type":"BreadcrumbList","@id":"https:\/\/frenchurduonline.com\/index.php\/contact\/#breadcrumb","itemListElement":[{"@type":"ListItem","position":1,"name":"Accueil","item":"https:\/\/frenchurduonline.com\/"},{"@type":"ListItem","position":2,"name":"Contact"}]},{"@type":"WebSite","@id":"https:\/\/frenchurduonline.com\/#website","url":"https:\/\/frenchurduonline.com\/","name":"frenchurduonline.com","description":"Online FRENCH cours in URDU for ladies","publisher":{"@id":"https:\/\/frenchurduonline.com\/#organization"},"potentialAction":[{"@type":"SearchAction","target":{"@type":"EntryPoint","urlTemplate":"https:\/\/frenchurduonline.com\/?s={search_term_string}"},"query-input":{"@type":"PropertyValueSpecification","valueRequired":true,"valueName":"search_term_string"}}],"inLanguage":"fr-FR"},{"@type":"Organization","@id":"https:\/\/frenchurduonline.com\/#organization","name":"french urdu online.com","url":"https:\/\/frenchurduonline.com\/","logo":{"@type":"ImageObject","inLanguage":"fr-FR","@id":"https:\/\/frenchurduonline.com\/#\/schema\/logo\/image\/","url":"https:\/\/frenchurduonline.com\/wp-content\/uploads\/2024\/11\/cropped-LOGO-TOUR-EIFFEL-1-1.png","contentUrl":"https:\/\/frenchurduonline.com\/wp-content\/uploads\/2024\/11\/cropped-LOGO-TOUR-EIFFEL-1-1.png","width":512,"height":512,"caption":"french urdu online.com"},"image":{"@id":"https:\/\/frenchurduonline.com\/#\/schema\/logo\/image\/"},"sameAs":["https:\/\/www.facebook.com\/frenchurduonlinecom\/"]}]}},"_links":{"self":[{"href":"https:\/\/frenchurduonline.com\/index.php\/wp-json\/wp\/v2\/pages\/173","targetHints":{"allow":["GET"]}}],"collection":[{"href":"https:\/\/frenchurduonline.com\/index.php\/wp-json\/wp\/v2\/pages"}],"about":[{"href":"https:\/\/frenchurduonline.com\/index.php\/wp-json\/wp\/v2\/types\/page"}],"author":[{"embeddable":true,"href":"https:\/\/frenchurduonline.com\/index.php\/wp-json\/wp\/v2\/users\/1"}],"replies":[{"embeddable":true,"href":"https:\/\/frenchurduonline.com\/index.php\/wp-json\/wp\/v2\/comments?post=173"}],"version-history":[{"count":51,"href":"https:\/\/frenchurduonline.com\/index.php\/wp-json\/wp\/v2\/pages\/173\/revisions"}],"predecessor-version":[{"id":3013,"href":"https:\/\/frenchurduonline.com\/index.php\/wp-json\/wp\/v2\/pages\/173\/revisions\/3013"}],"wp:attachment":[{"href":"https:\/\/frenchurduonline.com\/index.php\/wp-json\/wp\/v2\/media?parent=173"}],"curies":[{"name":"wp","href":"https:\/\/api.w.org\/{rel}","templated":true}]}}