{"id":1575,"date":"2025-08-14T16:37:22","date_gmt":"2025-08-14T14:37:22","guid":{"rendered":"https:\/\/frenchurduonline.com\/?page_id=1575"},"modified":"2026-02-28T01:46:30","modified_gmt":"2026-02-28T00:46:30","slug":"inscription-liste-50e-les-10cours","status":"publish","type":"page","link":"https:\/\/frenchurduonline.com\/index.php\/inscription-liste-50e-les-10cours\/","title":{"rendered":"Inscription liste : 70\u20ac les 10cours"},"content":{"rendered":"<p>[et_pb_section fb_built=\u00a0\u00bb1&Prime; _builder_version=\u00a0\u00bb4.27.5&Prime; _module_preset=\u00a0\u00bbdefault\u00a0\u00bb background_color=\u00a0\u00bb#D6D6D6&Prime; global_colors_info=\u00a0\u00bb{}\u00a0\u00bb][et_pb_row column_structure=\u00a0\u00bb1_2,1_2&Prime; _builder_version=\u00a0\u00bb4.27.4&Prime; _module_preset=\u00a0\u00bbdefault\u00a0\u00bb background_color=\u00a0\u00bb#FFFFFF\u00a0\u00bb custom_padding=\u00a0\u00bb0px|||||\u00a0\u00bb global_colors_info=\u00a0\u00bb{}\u00a0\u00bb][et_pb_column type=\u00a0\u00bb1_2&Prime; _builder_version=\u00a0\u00bb4.27.4&Prime; _module_preset=\u00a0\u00bbdefault\u00a0\u00bb background_color=\u00a0\u00bb#FFFFFF\u00a0\u00bb global_colors_info=\u00a0\u00bb{}\u00a0\u00bb][et_pb_text _builder_version=\u00a0\u00bb4.27.4&Prime; _module_preset=\u00a0\u00bbdefault\u00a0\u00bb custom_margin=\u00a0\u00bb|31px||24px|false|false\u00a0\u00bb custom_padding=\u00a0\u00bb|||4px||\u00a0\u00bb global_colors_info=\u00a0\u00bb{}\u00a0\u00bb]<\/p>\n<h1 style=\"text-align: center;\"><\/h1>\n<p><span style=\"color: #ff0000;\"><\/span><\/p>\n<h3 data-start=\"122\" data-end=\"158\" style=\"text-align: center;\"><strong data-start=\"129\" data-end=\"156\">Nouvelle Offre <\/strong><\/h3>\n<h3 data-start=\"122\" data-end=\"158\" style=\"text-align: center;\"><strong data-start=\"129\" data-end=\"156\">Sp\u00e9ciale Rentr\u00e9e<\/strong><\/h3>\n<p><strong data-start=\"129\" data-end=\"156\"><\/strong><\/p>\n<h3 data-start=\"122\" data-end=\"158\" style=\"text-align: center;\"><strong><span style=\"color: #e02b20; font-size: x-large;\">10 cours pour seulement 70\u20ac*<\/span><\/strong><\/h3>\n<p><span style=\"color: #e02b20;\"><strong data-start=\"159\" data-end=\"192\"><\/strong><\/span><\/p>\n<h3 data-start=\"122\" data-end=\"158\" style=\"text-align: center;\">\u00a0Cours en groupe de <strong data-start=\"221\" data-end=\"245\">5 \u00e0 8 \u00e9l\u00e8ves maximum<\/strong><\/h3>\n<p>&nbsp;<\/p>\n<h4 data-start=\"252\" data-end=\"284\"><strong data-start=\"257\" data-end=\"284\">Comment \u00e7a fonctionne ?<\/strong><\/h4>\n<p data-start=\"286\" data-end=\"552\"><strong data-start=\"290\" data-end=\"308\">1\/ Inscrivez-vous<\/strong> via ce formulaire <em data-start=\"327\" data-end=\"365\">(nous vous contacterons rapidement).<\/em><br data-start=\"365\" data-end=\"368\" \/><strong>2\/<\/strong> Vous serez plac\u00e9(e) en <strong data-start=\"395\" data-end=\"414\">liste d\u2019attente<\/strong>. D\u00e8s que 5 \u00e9l\u00e8ves sont inscrits, un <strong data-start=\"451\" data-end=\"463\">planning<\/strong> vous sera envoy\u00e9.<br data-start=\"481\" data-end=\"484\" \/><strong>3\/<\/strong> Une fois le <strong data-start=\"500\" data-end=\"521\">paiement effectu\u00e9<\/strong>, les cours peuvent commencer !<\/p>\n<p>[\/et_pb_text][\/et_pb_column][et_pb_column type=\u00a0\u00bb1_2&Prime; _builder_version=\u00a0\u00bb4.27.4&Prime; _module_preset=\u00a0\u00bbdefault\u00a0\u00bb global_colors_info=\u00a0\u00bb{}\u00a0\u00bb][et_pb_code _builder_version=\u00a0\u00bb4.27.4&Prime; _module_preset=\u00a0\u00bbdefault\u00a0\u00bb background_enable_color=\u00a0\u00bboff\u00a0\u00bb background_enable_image=\u00a0\u00bboff\u00a0\u00bb custom_margin=\u00a0\u00bb|31px||14px|false|false\u00a0\u00bb custom_padding=\u00a0\u00bb58px|||||\u00a0\u00bb global_colors_info=\u00a0\u00bb{}\u00a0\u00bb]<div class=\"forminator-ui forminator-custom-form forminator-custom-form-1553 forminator-design--default  forminator_ajax\" data-forminator-render=\"0\" data-form=\"forminator-module-1553\" data-uid=\"69faad6324f84\"><br\/><\/div><form\n\t\t\t\tid=\"forminator-module-1553\"\n\t\t\t\tclass=\"forminator-ui forminator-custom-form forminator-custom-form-1553 forminator-design--default  forminator_ajax\"\n\t\t\t\tmethod=\"post\"\n\t\t\t\tdata-forminator-render=\"0\"\n\t\t\t\tdata-form-id=\"1553\"\n\t\t\t\t data-color-option=\"theme\" data-design=\"default\" data-grid=\"open\" style=\"display: none;\"\n\t\t\t\tdata-uid=\"69faad6324f84\"\n\t\t\t><div role=\"alert\" aria-live=\"polite\" class=\"forminator-response-message forminator-error\" aria-hidden=\"true\"><\/div><div class=\"forminator-row\"><div id=\"name-1\" class=\"forminator-field-name forminator-col forminator-col-12 \"><div class=\"forminator-field\"><label for=\"forminator-field-name-1_69faad6324f84\" id=\"forminator-field-name-1_69faad6324f84-label\" class=\"forminator-label\">Name<\/label><input type=\"text\" name=\"name-1\" value=\"\" placeholder=\"\" id=\"forminator-field-name-1_69faad6324f84\" class=\"forminator-input forminator-name--field\" aria-required=\"false\" autocomplete=\"name\" \/><\/div><\/div><\/div><div class=\"forminator-row\"><div id=\"select-1\" class=\"forminator-field-select forminator-col forminator-col-12 \"><div class=\"forminator-field\"><label for=\"forminator-form-1553__field--select-1_69faad6324f84\" id=\"forminator-form-1553__field--select-1_69faad6324f84-label\" class=\"forminator-label\">Select<\/label><span id=\"forminator-form-1553__field--select-1_69faad6324f84-description\" class=\"forminator-description\">CLASSE<\/span><select  id=\"forminator-form-1553__field--select-1_69faad6324f84\" class=\"forminator-select--field forminator-select2 forminator-select2-multiple\" data-required=\"\" name=\"select-1\" data-default-value=\"\" data-hidden-behavior=\"zero\" data-placeholder=\"\" data-search=\"false\" data-search-placeholder=\"\" data-checkbox=\"false\" data-allow-clear=\"false\" aria-labelledby=\"forminator-form-1553__field--select-1_69faad6324f84-label\" aria-describedby=\"forminator-form-1553__field--select-1_69faad6324f84-description\"><option value=\"one\"  data-calculation=\"0\">CE1<\/option><option value=\"two\"  data-calculation=\"0\">CE2<\/option><option value=\"CM1\"  data-calculation=\"0\">CM1<\/option><option value=\"CM2\"  data-calculation=\"0\">CM2<\/option><option value=\"6\u00e8me\"  data-calculation=\"0\">6\u00e8me<\/option><option value=\"5\u00e8me\"  data-calculation=\"0\">5\u00e8me<\/option><option value=\"4\u00e8me\"  data-calculation=\"0\">4\u00e8me<\/option><option value=\"3\u00e8me\"  data-calculation=\"0\">3\u00e8me<\/option><option value=\"2nd\"  data-calculation=\"0\">2nd<\/option><option value=\"1\u00e8re\"  data-calculation=\"0\">1\u00e8re<\/option><option value=\"Terminal\"  data-calculation=\"0\">Terminal<\/option><option value=\"URDU-Enfants\"  data-calculation=\"0\">URDU Enfants<\/option><option value=\"URDU-Femmes\"  data-calculation=\"0\">URDU Femmes<\/option><\/select><\/div><\/div><\/div><div class=\"forminator-row\"><div id=\"phone-1\" class=\"forminator-field-phone forminator-col forminator-col-12 \"><div class=\"forminator-field\"><label for=\"forminator-field-phone-1_69faad6324f84\" id=\"forminator-field-phone-1_69faad6324f84-label\" class=\"forminator-label\">Phone<\/label><input type=\"text\" name=\"phone-1\" value=\"\" placeholder=\"\" id=\"forminator-field-phone-1_69faad6324f84\" class=\"forminator-input forminator-field--phone\" data-required=\"\" aria-required=\"false\" autocomplete=\"off\" \/><\/div><\/div><\/div><div class=\"forminator-row\"><div id=\"email-1\" class=\"forminator-field-email forminator-col forminator-col-12 \"><div class=\"forminator-field\"><label for=\"forminator-field-email-1_69faad6324f84\" id=\"forminator-field-email-1_69faad6324f84-label\" class=\"forminator-label\">Email Address<\/label><input type=\"email\" name=\"email-1\" value=\"\" placeholder=\"\" id=\"forminator-field-email-1_69faad6324f84\" class=\"forminator-input forminator-email--field\" data-required=\"\" aria-required=\"false\" autocomplete=\"email\" \/><\/div><\/div><\/div><input type=\"hidden\" name=\"referer_url\" value=\"\" \/><div class=\"forminator-row forminator-row-last\"><div class=\"forminator-col\"><div class=\"forminator-field\"><button class=\"forminator-button forminator-button-submit\">Submit<\/button><\/div><\/div><\/div><input type=\"hidden\" id=\"forminator_nonce\" name=\"forminator_nonce\" value=\"74f28e76b5\" \/><input type=\"hidden\" name=\"_wp_http_referer\" value=\"\/index.php\/wp-json\/wp\/v2\/pages\/1575\" \/><input type=\"hidden\" name=\"form_id\" value=\"1553\"><input type=\"hidden\" name=\"page_id\" value=\"1575\"><input type=\"hidden\" name=\"form_type\" value=\"default\"><input type=\"hidden\" name=\"current_url\" value=\"https:\/\/frenchurduonline.com\/index.php\/inscription-liste-50e-les-10cours\/\"><input type=\"hidden\" name=\"render_id\" value=\"0\"><input type=\"hidden\" name=\"action\" value=\"forminator_submit_form_custom-forms\"><\/form>[\/et_pb_code][\/et_pb_column][\/et_pb_row][\/et_pb_section]<\/p>\n","protected":false},"excerpt":{"rendered":"<p>Nouvelle Offre Sp\u00e9ciale Rentr\u00e9e 10 cours pour seulement 70\u20ac* \u00a0Cours en groupe de 5 \u00e0 8 \u00e9l\u00e8ves maximum &nbsp; Comment \u00e7a fonctionne ? 1\/ Inscrivez-vous via ce formulaire (nous vous contacterons rapidement).2\/ Vous serez plac\u00e9(e) en liste d\u2019attente. D\u00e8s que 5 \u00e9l\u00e8ves sont inscrits, un planning vous sera envoy\u00e9.3\/ Une fois le paiement effectu\u00e9, les [&hellip;]<\/p>\n","protected":false},"author":1,"featured_media":0,"parent":0,"menu_order":0,"comment_status":"closed","ping_status":"closed","template":"","meta":{"_et_pb_use_builder":"on","_et_pb_old_content":"","_et_gb_content_width":"","footnotes":""},"class_list":["post-1575","page","type-page","status-publish","hentry"],"yoast_head":"<!-- This site is optimized with the Yoast SEO plugin v27.4 - https:\/\/yoast.com\/product\/yoast-seo-wordpress\/ -->\n<title>Inscription liste : 70\u20ac les 10cours - FrenchUrduOnline.com<\/title>\n<meta name=\"robots\" content=\"index, follow, max-snippet:-1, max-image-preview:large, max-video-preview:-1\" \/>\n<link rel=\"canonical\" href=\"https:\/\/frenchurduonline.com\/index.php\/inscription-liste-50e-les-10cours\/\" \/>\n<meta property=\"og:locale\" content=\"fr_FR\" \/>\n<meta property=\"og:type\" content=\"article\" \/>\n<meta property=\"og:title\" content=\"Inscription liste : 70\u20ac les 10cours - FrenchUrduOnline.com\" \/>\n<meta property=\"og:description\" content=\"Nouvelle Offre Sp\u00e9ciale Rentr\u00e9e 10 cours pour seulement 70\u20ac* \u00a0Cours en groupe de 5 \u00e0 8 \u00e9l\u00e8ves maximum &nbsp; Comment \u00e7a fonctionne ? 1\/ Inscrivez-vous via ce formulaire (nous vous contacterons rapidement).2\/ Vous serez plac\u00e9(e) en liste d\u2019attente. D\u00e8s que 5 \u00e9l\u00e8ves sont inscrits, un planning vous sera envoy\u00e9.3\/ Une fois le paiement effectu\u00e9, les [&hellip;]\" \/>\n<meta property=\"og:url\" content=\"https:\/\/frenchurduonline.com\/index.php\/inscription-liste-50e-les-10cours\/\" \/>\n<meta property=\"og:site_name\" content=\"FrenchUrduOnline.com\" \/>\n<meta property=\"article:publisher\" content=\"https:\/\/www.facebook.com\/frenchurduonlinecom\/\" \/>\n<meta property=\"article:modified_time\" content=\"2026-02-28T00:46:30+00:00\" \/>\n<meta name=\"twitter:card\" content=\"summary_large_image\" \/>\n<script type=\"application\/ld+json\" class=\"yoast-schema-graph\">{\"@context\":\"https:\\\/\\\/schema.org\",\"@graph\":[{\"@type\":\"WebPage\",\"@id\":\"https:\\\/\\\/frenchurduonline.com\\\/index.php\\\/inscription-liste-50e-les-10cours\\\/\",\"url\":\"https:\\\/\\\/frenchurduonline.com\\\/index.php\\\/inscription-liste-50e-les-10cours\\\/\",\"name\":\"Inscription liste : 70\u20ac les 10cours - FrenchUrduOnline.com\",\"isPartOf\":{\"@id\":\"https:\\\/\\\/frenchurduonline.com\\\/#website\"},\"datePublished\":\"2025-08-14T14:37:22+00:00\",\"dateModified\":\"2026-02-28T00:46:30+00:00\",\"breadcrumb\":{\"@id\":\"https:\\\/\\\/frenchurduonline.com\\\/index.php\\\/inscription-liste-50e-les-10cours\\\/#breadcrumb\"},\"inLanguage\":\"fr-FR\",\"potentialAction\":[{\"@type\":\"ReadAction\",\"target\":[\"https:\\\/\\\/frenchurduonline.com\\\/index.php\\\/inscription-liste-50e-les-10cours\\\/\"]}]},{\"@type\":\"BreadcrumbList\",\"@id\":\"https:\\\/\\\/frenchurduonline.com\\\/index.php\\\/inscription-liste-50e-les-10cours\\\/#breadcrumb\",\"itemListElement\":[{\"@type\":\"ListItem\",\"position\":1,\"name\":\"Accueil\",\"item\":\"https:\\\/\\\/frenchurduonline.com\\\/\"},{\"@type\":\"ListItem\",\"position\":2,\"name\":\"Inscription liste : 70\u20ac les 10cours\"}]},{\"@type\":\"WebSite\",\"@id\":\"https:\\\/\\\/frenchurduonline.com\\\/#website\",\"url\":\"https:\\\/\\\/frenchurduonline.com\\\/\",\"name\":\"frenchurduonline.com\",\"description\":\"Online FRENCH cours in URDU for ladies\",\"publisher\":{\"@id\":\"https:\\\/\\\/frenchurduonline.com\\\/#organization\"},\"potentialAction\":[{\"@type\":\"SearchAction\",\"target\":{\"@type\":\"EntryPoint\",\"urlTemplate\":\"https:\\\/\\\/frenchurduonline.com\\\/?s={search_term_string}\"},\"query-input\":{\"@type\":\"PropertyValueSpecification\",\"valueRequired\":true,\"valueName\":\"search_term_string\"}}],\"inLanguage\":\"fr-FR\"},{\"@type\":\"Organization\",\"@id\":\"https:\\\/\\\/frenchurduonline.com\\\/#organization\",\"name\":\"french urdu online.com\",\"url\":\"https:\\\/\\\/frenchurduonline.com\\\/\",\"logo\":{\"@type\":\"ImageObject\",\"inLanguage\":\"fr-FR\",\"@id\":\"https:\\\/\\\/frenchurduonline.com\\\/#\\\/schema\\\/logo\\\/image\\\/\",\"url\":\"https:\\\/\\\/frenchurduonline.com\\\/wp-content\\\/uploads\\\/2024\\\/11\\\/cropped-LOGO-TOUR-EIFFEL-1-1.png\",\"contentUrl\":\"https:\\\/\\\/frenchurduonline.com\\\/wp-content\\\/uploads\\\/2024\\\/11\\\/cropped-LOGO-TOUR-EIFFEL-1-1.png\",\"width\":512,\"height\":512,\"caption\":\"french urdu online.com\"},\"image\":{\"@id\":\"https:\\\/\\\/frenchurduonline.com\\\/#\\\/schema\\\/logo\\\/image\\\/\"},\"sameAs\":[\"https:\\\/\\\/www.facebook.com\\\/frenchurduonlinecom\\\/\"]}]}<\/script>\n<!-- \/ Yoast SEO plugin. -->","yoast_head_json":{"title":"Inscription liste : 70\u20ac les 10cours - FrenchUrduOnline.com","robots":{"index":"index","follow":"follow","max-snippet":"max-snippet:-1","max-image-preview":"max-image-preview:large","max-video-preview":"max-video-preview:-1"},"canonical":"https:\/\/frenchurduonline.com\/index.php\/inscription-liste-50e-les-10cours\/","og_locale":"fr_FR","og_type":"article","og_title":"Inscription liste : 70\u20ac les 10cours - FrenchUrduOnline.com","og_description":"Nouvelle Offre Sp\u00e9ciale Rentr\u00e9e 10 cours pour seulement 70\u20ac* \u00a0Cours en groupe de 5 \u00e0 8 \u00e9l\u00e8ves maximum &nbsp; Comment \u00e7a fonctionne ? 1\/ Inscrivez-vous via ce formulaire (nous vous contacterons rapidement).2\/ Vous serez plac\u00e9(e) en liste d\u2019attente. D\u00e8s que 5 \u00e9l\u00e8ves sont inscrits, un planning vous sera envoy\u00e9.3\/ Une fois le paiement effectu\u00e9, les [&hellip;]","og_url":"https:\/\/frenchurduonline.com\/index.php\/inscription-liste-50e-les-10cours\/","og_site_name":"FrenchUrduOnline.com","article_publisher":"https:\/\/www.facebook.com\/frenchurduonlinecom\/","article_modified_time":"2026-02-28T00:46:30+00:00","twitter_card":"summary_large_image","schema":{"@context":"https:\/\/schema.org","@graph":[{"@type":"WebPage","@id":"https:\/\/frenchurduonline.com\/index.php\/inscription-liste-50e-les-10cours\/","url":"https:\/\/frenchurduonline.com\/index.php\/inscription-liste-50e-les-10cours\/","name":"Inscription liste : 70\u20ac les 10cours - FrenchUrduOnline.com","isPartOf":{"@id":"https:\/\/frenchurduonline.com\/#website"},"datePublished":"2025-08-14T14:37:22+00:00","dateModified":"2026-02-28T00:46:30+00:00","breadcrumb":{"@id":"https:\/\/frenchurduonline.com\/index.php\/inscription-liste-50e-les-10cours\/#breadcrumb"},"inLanguage":"fr-FR","potentialAction":[{"@type":"ReadAction","target":["https:\/\/frenchurduonline.com\/index.php\/inscription-liste-50e-les-10cours\/"]}]},{"@type":"BreadcrumbList","@id":"https:\/\/frenchurduonline.com\/index.php\/inscription-liste-50e-les-10cours\/#breadcrumb","itemListElement":[{"@type":"ListItem","position":1,"name":"Accueil","item":"https:\/\/frenchurduonline.com\/"},{"@type":"ListItem","position":2,"name":"Inscription liste : 70\u20ac les 10cours"}]},{"@type":"WebSite","@id":"https:\/\/frenchurduonline.com\/#website","url":"https:\/\/frenchurduonline.com\/","name":"frenchurduonline.com","description":"Online FRENCH cours in URDU for ladies","publisher":{"@id":"https:\/\/frenchurduonline.com\/#organization"},"potentialAction":[{"@type":"SearchAction","target":{"@type":"EntryPoint","urlTemplate":"https:\/\/frenchurduonline.com\/?s={search_term_string}"},"query-input":{"@type":"PropertyValueSpecification","valueRequired":true,"valueName":"search_term_string"}}],"inLanguage":"fr-FR"},{"@type":"Organization","@id":"https:\/\/frenchurduonline.com\/#organization","name":"french urdu online.com","url":"https:\/\/frenchurduonline.com\/","logo":{"@type":"ImageObject","inLanguage":"fr-FR","@id":"https:\/\/frenchurduonline.com\/#\/schema\/logo\/image\/","url":"https:\/\/frenchurduonline.com\/wp-content\/uploads\/2024\/11\/cropped-LOGO-TOUR-EIFFEL-1-1.png","contentUrl":"https:\/\/frenchurduonline.com\/wp-content\/uploads\/2024\/11\/cropped-LOGO-TOUR-EIFFEL-1-1.png","width":512,"height":512,"caption":"french urdu online.com"},"image":{"@id":"https:\/\/frenchurduonline.com\/#\/schema\/logo\/image\/"},"sameAs":["https:\/\/www.facebook.com\/frenchurduonlinecom\/"]}]}},"_links":{"self":[{"href":"https:\/\/frenchurduonline.com\/index.php\/wp-json\/wp\/v2\/pages\/1575","targetHints":{"allow":["GET"]}}],"collection":[{"href":"https:\/\/frenchurduonline.com\/index.php\/wp-json\/wp\/v2\/pages"}],"about":[{"href":"https:\/\/frenchurduonline.com\/index.php\/wp-json\/wp\/v2\/types\/page"}],"author":[{"embeddable":true,"href":"https:\/\/frenchurduonline.com\/index.php\/wp-json\/wp\/v2\/users\/1"}],"replies":[{"embeddable":true,"href":"https:\/\/frenchurduonline.com\/index.php\/wp-json\/wp\/v2\/comments?post=1575"}],"version-history":[{"count":10,"href":"https:\/\/frenchurduonline.com\/index.php\/wp-json\/wp\/v2\/pages\/1575\/revisions"}],"predecessor-version":[{"id":3035,"href":"https:\/\/frenchurduonline.com\/index.php\/wp-json\/wp\/v2\/pages\/1575\/revisions\/3035"}],"wp:attachment":[{"href":"https:\/\/frenchurduonline.com\/index.php\/wp-json\/wp\/v2\/media?parent=1575"}],"curies":[{"name":"wp","href":"https:\/\/api.w.org\/{rel}","templated":true}]}}