{"id":1174,"date":"2025-03-06T10:53:06","date_gmt":"2025-03-06T09:53:06","guid":{"rendered":"https:\/\/frenchurduonline.com\/?page_id=1174"},"modified":"2025-03-11T08:50:19","modified_gmt":"2025-03-11T07:50:19","slug":"mentions-legales","status":"publish","type":"page","link":"https:\/\/frenchurduonline.com\/index.php\/mentions-legales\/","title":{"rendered":"Mentions l\u00e9gales"},"content":{"rendered":"<p>[et_pb_section fb_built=\u00a0\u00bb1&Prime; admin_label=\u00a0\u00bbsection\u00a0\u00bb _builder_version=\u00a0\u00bb4.16&Prime; global_colors_info=\u00a0\u00bb{}\u00a0\u00bb][et_pb_row admin_label=\u00a0\u00bbrow\u00a0\u00bb _builder_version=\u00a0\u00bb4.16&Prime; background_size=\u00a0\u00bbinitial\u00a0\u00bb background_position=\u00a0\u00bbtop_left\u00a0\u00bb background_repeat=\u00a0\u00bbrepeat\u00a0\u00bb global_colors_info=\u00a0\u00bb{}\u00a0\u00bb][et_pb_column type=\u00a0\u00bb4_4&Prime; _builder_version=\u00a0\u00bb4.16&Prime; custom_padding=\u00a0\u00bb|||\u00a0\u00bb global_colors_info=\u00a0\u00bb{}\u00a0\u00bb custom_padding__hover=\u00a0\u00bb|||\u00a0\u00bb][et_pb_text _builder_version=\u00a0\u00bb4.27.4&Prime; _module_preset=\u00a0\u00bbdefault\u00a0\u00bb hover_enabled=\u00a0\u00bb0&Prime; global_colors_info=\u00a0\u00bb{}\u00a0\u00bb sticky_enabled=\u00a0\u00bb0&Prime;]<\/p>\n<h3 style=\"text-align: center;\"><strong>Mentions l\u00e9gales<\/strong><\/h3>\n<h6 style=\"text-align: left;\"><strong>INFORMATIONS PRINCIPALES<\/strong><\/h6>\n<p>G\u00e9rer par :<\/p>\n<p>DURRANI Norin EI<\/p>\n<p>41 avenue des bleuets 77340 Pontault Combault<\/p>\n<p>06 52 67 55 21<\/p>\n<p>Frenchurduonline@gmail.com<\/p>\n<h6><strong>HEBERGEMENT\u00a0<\/strong><\/h6>\n<p><span>L\u2019h\u00e9bergement de ce site est assur\u00e9 par la soci\u00e9t\u00e9 HOSTINGER INTERNATIONAL LTD, dont le si\u00e8ge social se situe 61 Lordou Vironos Street, 6023 Larnaca, Chypre, joignable par le moyen suivant :\u00a0<\/span><a href=\"https:\/\/www.hostinger.fr\/contact\" target=\"_blank\" rel=\"noreferrer noopener\">https:\/\/www.hostinger.fr\/contact<\/a><span>.<\/span><\/p>\n<p>[\/et_pb_text][\/et_pb_column][\/et_pb_row][\/et_pb_section]<\/p>\n","protected":false},"excerpt":{"rendered":"<p>Mentions l\u00e9gales INFORMATIONS PRINCIPALES G\u00e9rer par : DURRANI Norin EI 41 avenue des bleuets 77340 Pontault Combault 06 52 67 55 21 Frenchurduonline@gmail.com HEBERGEMENT\u00a0 L\u2019h\u00e9bergement de ce site est assur\u00e9 par la soci\u00e9t\u00e9 HOSTINGER INTERNATIONAL LTD, dont le si\u00e8ge social se situe 61 Lordou Vironos Street, 6023 Larnaca, Chypre, joignable par le moyen suivant :\u00a0https:\/\/www.hostinger.fr\/contact.<\/p>\n","protected":false},"author":1,"featured_media":0,"parent":0,"menu_order":0,"comment_status":"closed","ping_status":"closed","template":"","meta":{"_et_pb_use_builder":"on","_et_pb_old_content":"","_et_gb_content_width":"","footnotes":""},"class_list":["post-1174","page","type-page","status-publish","hentry"],"yoast_head":"<!-- This site is optimized with the Yoast SEO plugin v27.4 - https:\/\/yoast.com\/product\/yoast-seo-wordpress\/ -->\n<title>Mentions l\u00e9gales - FrenchUrduOnline.com<\/title>\n<meta name=\"robots\" content=\"index, follow, max-snippet:-1, max-image-preview:large, max-video-preview:-1\" \/>\n<link rel=\"canonical\" href=\"https:\/\/frenchurduonline.com\/index.php\/mentions-legales\/\" \/>\n<meta property=\"og:locale\" content=\"fr_FR\" \/>\n<meta property=\"og:type\" content=\"article\" \/>\n<meta property=\"og:title\" content=\"Mentions l\u00e9gales - FrenchUrduOnline.com\" \/>\n<meta property=\"og:description\" content=\"Mentions l\u00e9gales INFORMATIONS PRINCIPALES G\u00e9rer par : DURRANI Norin EI 41 avenue des bleuets 77340 Pontault Combault 06 52 67 55 21 Frenchurduonline@gmail.com HEBERGEMENT\u00a0 L\u2019h\u00e9bergement de ce site est assur\u00e9 par la soci\u00e9t\u00e9 HOSTINGER INTERNATIONAL LTD, dont le si\u00e8ge social se situe 61 Lordou Vironos Street, 6023 Larnaca, Chypre, joignable par le moyen suivant :\u00a0https:\/\/www.hostinger.fr\/contact.\" \/>\n<meta property=\"og:url\" content=\"https:\/\/frenchurduonline.com\/index.php\/mentions-legales\/\" \/>\n<meta property=\"og:site_name\" content=\"FrenchUrduOnline.com\" \/>\n<meta property=\"article:publisher\" content=\"https:\/\/www.facebook.com\/frenchurduonlinecom\/\" \/>\n<meta property=\"article:modified_time\" content=\"2025-03-11T07:50:19+00:00\" \/>\n<meta name=\"twitter:card\" content=\"summary_large_image\" \/>\n<script type=\"application\/ld+json\" class=\"yoast-schema-graph\">{\"@context\":\"https:\\\/\\\/schema.org\",\"@graph\":[{\"@type\":\"WebPage\",\"@id\":\"https:\\\/\\\/frenchurduonline.com\\\/index.php\\\/mentions-legales\\\/\",\"url\":\"https:\\\/\\\/frenchurduonline.com\\\/index.php\\\/mentions-legales\\\/\",\"name\":\"Mentions l\u00e9gales - FrenchUrduOnline.com\",\"isPartOf\":{\"@id\":\"https:\\\/\\\/frenchurduonline.com\\\/#website\"},\"datePublished\":\"2025-03-06T09:53:06+00:00\",\"dateModified\":\"2025-03-11T07:50:19+00:00\",\"breadcrumb\":{\"@id\":\"https:\\\/\\\/frenchurduonline.com\\\/index.php\\\/mentions-legales\\\/#breadcrumb\"},\"inLanguage\":\"fr-FR\",\"potentialAction\":[{\"@type\":\"ReadAction\",\"target\":[\"https:\\\/\\\/frenchurduonline.com\\\/index.php\\\/mentions-legales\\\/\"]}]},{\"@type\":\"BreadcrumbList\",\"@id\":\"https:\\\/\\\/frenchurduonline.com\\\/index.php\\\/mentions-legales\\\/#breadcrumb\",\"itemListElement\":[{\"@type\":\"ListItem\",\"position\":1,\"name\":\"Accueil\",\"item\":\"https:\\\/\\\/frenchurduonline.com\\\/\"},{\"@type\":\"ListItem\",\"position\":2,\"name\":\"Mentions l\u00e9gales\"}]},{\"@type\":\"WebSite\",\"@id\":\"https:\\\/\\\/frenchurduonline.com\\\/#website\",\"url\":\"https:\\\/\\\/frenchurduonline.com\\\/\",\"name\":\"frenchurduonline.com\",\"description\":\"Online FRENCH cours in URDU for ladies\",\"publisher\":{\"@id\":\"https:\\\/\\\/frenchurduonline.com\\\/#organization\"},\"potentialAction\":[{\"@type\":\"SearchAction\",\"target\":{\"@type\":\"EntryPoint\",\"urlTemplate\":\"https:\\\/\\\/frenchurduonline.com\\\/?s={search_term_string}\"},\"query-input\":{\"@type\":\"PropertyValueSpecification\",\"valueRequired\":true,\"valueName\":\"search_term_string\"}}],\"inLanguage\":\"fr-FR\"},{\"@type\":\"Organization\",\"@id\":\"https:\\\/\\\/frenchurduonline.com\\\/#organization\",\"name\":\"french urdu online.com\",\"url\":\"https:\\\/\\\/frenchurduonline.com\\\/\",\"logo\":{\"@type\":\"ImageObject\",\"inLanguage\":\"fr-FR\",\"@id\":\"https:\\\/\\\/frenchurduonline.com\\\/#\\\/schema\\\/logo\\\/image\\\/\",\"url\":\"https:\\\/\\\/frenchurduonline.com\\\/wp-content\\\/uploads\\\/2024\\\/11\\\/cropped-LOGO-TOUR-EIFFEL-1-1.png\",\"contentUrl\":\"https:\\\/\\\/frenchurduonline.com\\\/wp-content\\\/uploads\\\/2024\\\/11\\\/cropped-LOGO-TOUR-EIFFEL-1-1.png\",\"width\":512,\"height\":512,\"caption\":\"french urdu online.com\"},\"image\":{\"@id\":\"https:\\\/\\\/frenchurduonline.com\\\/#\\\/schema\\\/logo\\\/image\\\/\"},\"sameAs\":[\"https:\\\/\\\/www.facebook.com\\\/frenchurduonlinecom\\\/\"]}]}<\/script>\n<!-- \/ Yoast SEO plugin. -->","yoast_head_json":{"title":"Mentions l\u00e9gales - FrenchUrduOnline.com","robots":{"index":"index","follow":"follow","max-snippet":"max-snippet:-1","max-image-preview":"max-image-preview:large","max-video-preview":"max-video-preview:-1"},"canonical":"https:\/\/frenchurduonline.com\/index.php\/mentions-legales\/","og_locale":"fr_FR","og_type":"article","og_title":"Mentions l\u00e9gales - FrenchUrduOnline.com","og_description":"Mentions l\u00e9gales INFORMATIONS PRINCIPALES G\u00e9rer par : DURRANI Norin EI 41 avenue des bleuets 77340 Pontault Combault 06 52 67 55 21 Frenchurduonline@gmail.com HEBERGEMENT\u00a0 L\u2019h\u00e9bergement de ce site est assur\u00e9 par la soci\u00e9t\u00e9 HOSTINGER INTERNATIONAL LTD, dont le si\u00e8ge social se situe 61 Lordou Vironos Street, 6023 Larnaca, Chypre, joignable par le moyen suivant :\u00a0https:\/\/www.hostinger.fr\/contact.","og_url":"https:\/\/frenchurduonline.com\/index.php\/mentions-legales\/","og_site_name":"FrenchUrduOnline.com","article_publisher":"https:\/\/www.facebook.com\/frenchurduonlinecom\/","article_modified_time":"2025-03-11T07:50:19+00:00","twitter_card":"summary_large_image","schema":{"@context":"https:\/\/schema.org","@graph":[{"@type":"WebPage","@id":"https:\/\/frenchurduonline.com\/index.php\/mentions-legales\/","url":"https:\/\/frenchurduonline.com\/index.php\/mentions-legales\/","name":"Mentions l\u00e9gales - FrenchUrduOnline.com","isPartOf":{"@id":"https:\/\/frenchurduonline.com\/#website"},"datePublished":"2025-03-06T09:53:06+00:00","dateModified":"2025-03-11T07:50:19+00:00","breadcrumb":{"@id":"https:\/\/frenchurduonline.com\/index.php\/mentions-legales\/#breadcrumb"},"inLanguage":"fr-FR","potentialAction":[{"@type":"ReadAction","target":["https:\/\/frenchurduonline.com\/index.php\/mentions-legales\/"]}]},{"@type":"BreadcrumbList","@id":"https:\/\/frenchurduonline.com\/index.php\/mentions-legales\/#breadcrumb","itemListElement":[{"@type":"ListItem","position":1,"name":"Accueil","item":"https:\/\/frenchurduonline.com\/"},{"@type":"ListItem","position":2,"name":"Mentions l\u00e9gales"}]},{"@type":"WebSite","@id":"https:\/\/frenchurduonline.com\/#website","url":"https:\/\/frenchurduonline.com\/","name":"frenchurduonline.com","description":"Online FRENCH cours in URDU for ladies","publisher":{"@id":"https:\/\/frenchurduonline.com\/#organization"},"potentialAction":[{"@type":"SearchAction","target":{"@type":"EntryPoint","urlTemplate":"https:\/\/frenchurduonline.com\/?s={search_term_string}"},"query-input":{"@type":"PropertyValueSpecification","valueRequired":true,"valueName":"search_term_string"}}],"inLanguage":"fr-FR"},{"@type":"Organization","@id":"https:\/\/frenchurduonline.com\/#organization","name":"french urdu online.com","url":"https:\/\/frenchurduonline.com\/","logo":{"@type":"ImageObject","inLanguage":"fr-FR","@id":"https:\/\/frenchurduonline.com\/#\/schema\/logo\/image\/","url":"https:\/\/frenchurduonline.com\/wp-content\/uploads\/2024\/11\/cropped-LOGO-TOUR-EIFFEL-1-1.png","contentUrl":"https:\/\/frenchurduonline.com\/wp-content\/uploads\/2024\/11\/cropped-LOGO-TOUR-EIFFEL-1-1.png","width":512,"height":512,"caption":"french urdu online.com"},"image":{"@id":"https:\/\/frenchurduonline.com\/#\/schema\/logo\/image\/"},"sameAs":["https:\/\/www.facebook.com\/frenchurduonlinecom\/"]}]}},"_links":{"self":[{"href":"https:\/\/frenchurduonline.com\/index.php\/wp-json\/wp\/v2\/pages\/1174","targetHints":{"allow":["GET"]}}],"collection":[{"href":"https:\/\/frenchurduonline.com\/index.php\/wp-json\/wp\/v2\/pages"}],"about":[{"href":"https:\/\/frenchurduonline.com\/index.php\/wp-json\/wp\/v2\/types\/page"}],"author":[{"embeddable":true,"href":"https:\/\/frenchurduonline.com\/index.php\/wp-json\/wp\/v2\/users\/1"}],"replies":[{"embeddable":true,"href":"https:\/\/frenchurduonline.com\/index.php\/wp-json\/wp\/v2\/comments?post=1174"}],"version-history":[{"count":4,"href":"https:\/\/frenchurduonline.com\/index.php\/wp-json\/wp\/v2\/pages\/1174\/revisions"}],"predecessor-version":[{"id":1329,"href":"https:\/\/frenchurduonline.com\/index.php\/wp-json\/wp\/v2\/pages\/1174\/revisions\/1329"}],"wp:attachment":[{"href":"https:\/\/frenchurduonline.com\/index.php\/wp-json\/wp\/v2\/media?parent=1174"}],"curies":[{"name":"wp","href":"https:\/\/api.w.org\/{rel}","templated":true}]}}